{"id":63764,"date":"2025-07-09T16:06:56","date_gmt":"2025-07-09T16:06:56","guid":{"rendered":"https:\/\/mba2025.sarp.krakow.pl\/?page_id=63764"},"modified":"2025-07-29T23:40:04","modified_gmt":"2025-07-29T23:40:04","slug":"privacy-policy","status":"publish","type":"page","link":"https:\/\/mba2025.sarp.krakow.pl\/en\/privacy-policy\/","title":{"rendered":"Privacy Policy"},"content":{"rendered":"\t\t<div data-elementor-type=\"wp-page\" data-elementor-id=\"63764\" class=\"elementor elementor-63764\">\n\t\t\t\t\t\t<section class=\"elementor-section elementor-top-section elementor-element elementor-element-8a31d93 elementor-section-boxed elementor-section-height-default elementor-section-height-default sc_fly_static\" data-id=\"8a31d93\" data-element_type=\"section\">\n\t\t\t\t\t\t<div class=\"elementor-container elementor-column-gap-extended\">\n\t\t\t\t\t<div class=\"elementor-column elementor-col-100 elementor-top-column elementor-element elementor-element-34ab953 sc_content_align_inherit sc_layouts_column_icons_position_left sc_fly_static\" data-id=\"34ab953\" data-element_type=\"column\">\n\t\t\t<div class=\"elementor-widget-wrap elementor-element-populated\">\n\t\t\t\t\t\t<div class=\"elementor-element elementor-element-8e91397 sc_fly_static elementor-widget elementor-widget-heading\" data-id=\"8e91397\" data-element_type=\"widget\" data-widget_type=\"heading.default\">\n\t\t\t\t<div class=\"elementor-widget-container\">\n\t\t\t\t\t<h3 class=\"elementor-heading-title elementor-size-default\">PRIVACY POLICY OF THE STOWARZYSZENIE ARCHITEKT\u00d3W POLSKICH ODDZIA\u0141 KRAK\u00d3W<\/h3>\t\t\t\t<\/div>\n\t\t\t\t<\/div>\n\t\t\t\t\t<\/div>\n\t\t<\/div>\n\t\t\t\t\t<\/div>\n\t\t<\/section>\n\t\t\t\t<section class=\"elementor-section elementor-top-section elementor-element elementor-element-5535d75 elementor-section-boxed elementor-section-height-default elementor-section-height-default sc_fly_static\" data-id=\"5535d75\" data-element_type=\"section\">\n\t\t\t\t\t\t<div class=\"elementor-container elementor-column-gap-extended\">\n\t\t\t\t\t<div class=\"elementor-column elementor-col-100 elementor-top-column elementor-element elementor-element-7ba6414 sc_content_align_inherit sc_layouts_column_icons_position_left sc_fly_static\" data-id=\"7ba6414\" data-element_type=\"column\">\n\t\t\t<div class=\"elementor-widget-wrap elementor-element-populated\">\n\t\t\t\t\t\t<div class=\"elementor-element elementor-element-ce2e3dc sc_fly_static elementor-widget elementor-widget-text-editor\" data-id=\"ce2e3dc\" data-element_type=\"widget\" data-widget_type=\"text-editor.default\">\n\t\t\t\t<div class=\"elementor-widget-container\">\n\t\t\t\t\t\t\t\t\t<div class=\"relative\"><div class=\"prose text-pretty dark:prose-invert inline leading-normal break-words min-w-0 [word-break:break-word]\"><p class=\"my-0\">Pursuant to Article 13(1) and (2) of the EU General Data Protection Regulation of April 27, 2016 (GDPR), we inform you that:<\/p><p class=\"my-0\">We are the data controller of personal data of:<\/p><ul class=\"marker:text-textOff list-disc\"><li><p class=\"my-0\">persons personally providing services to us under civil law contracts;<\/p><\/li><li><p class=\"my-0\">persons representing our contractors and collaborators;<\/p><\/li><li><p class=\"my-0\">persons who are not members of the Polish Association of Architects who have voluntarily provided their personal data in connection with participation in contests, exhibitions, conferences, or training sessions organized by us.<\/p><\/li><\/ul><p class=\"my-0\"><strong>Our details:<\/strong><br \/>STOWARZYSZENIE ARCHITEKT\u00d3W POLSKICH ODDZIA\u0141 KRAK\u00d3W<br \/>Plac Szczepa\u0144ski 6, 31-011 Krak\u00f3w, Poland<br \/>Tax ID (NIP): 676 16 83 599<br \/>Email: <a class=\"break-word hover:text-super hover:decoration-super underline decoration-from-font underline-offset-1 transition-all duration-300\" href=\"mailto:sarp@sarp.krakow.pl\" target=\"_blank\" rel=\"nofollow noopener\">sarp@sarp.krakow.pl<\/a><br \/>Phone: +48 12 422 75 40<\/p><p class=\"my-0\">We process exclusively the data contained in the contract forming the basis of our cooperation, or, regarding persons participating in contests and other events we organize, the information specified in the registration form or relevant terms and conditions.<\/p><p class=\"my-0\">Particularly, we may process the following personal data: first and last name, PESEL number, number and type of identity document, information about qualifications, education, and professional experience, bank account number, home address, phone number, email address. All these data are necessary for the proper performance of contracts concluded with you or in connection with the contests or events conducted.<\/p><p class=\"my-0\">Personal data will be processed:<\/p><ul class=\"marker:text-textOff list-disc\"><li><p class=\"my-0\">for the purpose of current execution of the service agreement;<\/p><\/li><li><p class=\"my-0\">to fulfill the administrator\u2019s obligations as the payer of insurance contributions and taxes;<\/p><\/li><li><p class=\"my-0\">to meet legitimate interests of the administrator related to the provision of services or work by the data subject or a person designated by our collaborator or contractor on behalf of and for the administrator;<\/p><\/li><li><p class=\"my-0\">for the organization of contests, conferences, training sessions, or other events.<\/p><\/li><\/ul><p class=\"my-0\">Some data of participants in contests, conferences, or trainings (especially identifying or address data) may be publicly disclosed by posting on our websites \u2013 if such possibility is provided in the regulations of the respective contest or event, or communicated to participants at the time of registration.<\/p><p class=\"my-0\">The basis for processing is the contract concluded with you (Article 6(1)(b) GDPR), voluntary consent (Article 6(1)(a) GDPR), or legal obligations imposed on the controller, e.g., tax withholding obligations (Article 6(1)(c) GDPR).<\/p><p class=\"my-0\">The personal data you provide will be stored for the duration required by applicable law. For civil law contracts, data will be kept until the expiry of the statute of limitations for claims arising from these contracts, and no longer than 2 years after that period, after which they will be permanently deleted from IT systems or irreversibly destroyed if in paper form.<\/p><p class=\"my-0\">Information about contests, their participants, and laureates will be stored indefinitely for archival and historical purposes.<\/p><p class=\"my-0\">You have the right to access your data, rectify it, delete it, restrict processing, data portability, object to processing, and withdraw consent at any time without affecting the lawfulness of processing done prior to withdrawal. Withdrawing consent during the contract period may prevent us from fulfilling some contractual obligations. Withdrawal will not apply to data necessary for contract execution or data the controller is legally required to process.<\/p><p class=\"my-0\">You have the right to lodge a complaint with the President of the Personal Data Protection Office if you believe that processing of your personal data violates the provisions of the GDPR.<\/p><p class=\"my-0\">Providing your personal data is a condition for concluding and performing the contract or participating in contests, conferences, or other special events.<\/p><p class=\"my-0\">Neither we nor any entity entrusted with your personal data use profiling as defined by the GDPR or make automated decisions based on profiling.<\/p><p class=\"my-0\"><strong>Information about Cookies<\/strong><\/p><p class=\"my-0\">Our websites register cookies. Cookies are small text files created locally on the user\u2019s device containing information about activity on our websites (e.g., clicked links, visited subpages, downloaded files).<\/p><p class=\"my-0\">Personal data may be included in cookies (e.g., IP address, form data filled out on our sites).<\/p><p class=\"my-0\">Data obtained from cookies are used exclusively for statistical purposes, improving the quality and speed of our websites, and adapting their content to user needs.<\/p><p class=\"my-0\">We do not transfer or entrust data obtained from cookies to third parties.<\/p><p class=\"my-0\">Each user can disable cookies or delete already stored cookies via their web browser or cookie banner. Relevant information is available in browser documentation. Most browsers have cookies enabled by default.<\/p><p class=\"my-0\">Disabling cookies should not affect website functionality, although some features relying on cookie data (e.g., form auto-fill) may not work.<\/p><\/div><\/div>\t\t\t\t\t\t\t\t<\/div>\n\t\t\t\t<\/div>\n\t\t\t\t\t<\/div>\n\t\t<\/div>\n\t\t\t\t\t<\/div>\n\t\t<\/section>\n\t\t\t\t<\/div>\n\t\t","protected":false},"excerpt":{"rendered":"<p>PRIVACY POLICY OF THE STOWARZYSZENIE ARCHITEKT\u00d3W POLSKICH ODDZIA\u0141 KRAK\u00d3W Pursuant to Article 13(1) and (2) of the EU General Data Protection Regulation of April 27, 2016 (GDPR), we inform you&hellip;<\/p>\n","protected":false},"author":5,"featured_media":0,"parent":0,"menu_order":0,"comment_status":"closed","ping_status":"closed","template":"elementor_theme","meta":{"footnotes":""},"class_list":["post-63764","page","type-page","status-publish","hentry"],"yoast_head":"<!-- This site is optimized with the Yoast SEO plugin v25.8 - https:\/\/yoast.com\/wordpress\/plugins\/seo\/ -->\n<title>Privacy Policy - International Biennale of Architecture Krak\u00f3w 2025<\/title>\n<meta name=\"robots\" content=\"index, follow, max-snippet:-1, max-image-preview:large, max-video-preview:-1\" \/>\n<link rel=\"canonical\" href=\"https:\/\/mba2025.sarp.krakow.pl\/en\/privacy-policy\/\" \/>\n<meta property=\"og:locale\" content=\"en_US\" \/>\n<meta property=\"og:type\" content=\"article\" \/>\n<meta property=\"og:title\" content=\"Privacy Policy - International Biennale of Architecture Krak\u00f3w 2025\" \/>\n<meta property=\"og:description\" content=\"PRIVACY POLICY OF THE STOWARZYSZENIE ARCHITEKT\u00d3W POLSKICH ODDZIA\u0141 KRAK\u00d3W Pursuant to Article 13(1) and (2) of the EU General Data Protection Regulation of April 27, 2016 (GDPR), we inform you&hellip;\" \/>\n<meta property=\"og:url\" content=\"https:\/\/mba2025.sarp.krakow.pl\/en\/privacy-policy\/\" \/>\n<meta property=\"og:site_name\" content=\"Mi\u0119dzynarodowe Biennale Architektury Krak\u00f3w 2025\" \/>\n<meta property=\"article:modified_time\" content=\"2025-07-29T23:40:04+00:00\" \/>\n<meta name=\"twitter:card\" content=\"summary_large_image\" \/>\n<meta name=\"twitter:label1\" content=\"Est. reading time\" \/>\n\t<meta name=\"twitter:data1\" content=\"5 minutes\" \/>\n<script type=\"application\/ld+json\" class=\"yoast-schema-graph\">{\"@context\":\"https:\/\/schema.org\",\"@graph\":[{\"@type\":\"WebPage\",\"@id\":\"https:\/\/mba2025.sarp.krakow.pl\/en\/privacy-policy\/\",\"url\":\"https:\/\/mba2025.sarp.krakow.pl\/en\/privacy-policy\/\",\"name\":\"Privacy Policy - International Biennale of Architecture Krak\u00f3w 2025\",\"isPartOf\":{\"@id\":\"https:\/\/mba2025.sarp.krakow.pl\/en\/#website\"},\"datePublished\":\"2025-07-09T16:06:56+00:00\",\"dateModified\":\"2025-07-29T23:40:04+00:00\",\"breadcrumb\":{\"@id\":\"https:\/\/mba2025.sarp.krakow.pl\/en\/privacy-policy\/#breadcrumb\"},\"inLanguage\":\"en-US\",\"potentialAction\":[{\"@type\":\"ReadAction\",\"target\":[\"https:\/\/mba2025.sarp.krakow.pl\/en\/privacy-policy\/\"]}]},{\"@type\":\"BreadcrumbList\",\"@id\":\"https:\/\/mba2025.sarp.krakow.pl\/en\/privacy-policy\/#breadcrumb\",\"itemListElement\":[{\"@type\":\"ListItem\",\"position\":1,\"name\":\"Strona g\u0142\u00f3wna\",\"item\":\"https:\/\/mba2025.sarp.krakow.pl\/en\/\"},{\"@type\":\"ListItem\",\"position\":2,\"name\":\"Privacy Policy\"}]},{\"@type\":\"WebSite\",\"@id\":\"https:\/\/mba2025.sarp.krakow.pl\/en\/#website\",\"url\":\"https:\/\/mba2025.sarp.krakow.pl\/en\/\",\"name\":\"Mi\u0119dzynarodowe Biennale Architektury Krak\u00f3w 2025\",\"description\":\"\",\"publisher\":{\"@id\":\"https:\/\/mba2025.sarp.krakow.pl\/en\/#organization\"},\"potentialAction\":[{\"@type\":\"SearchAction\",\"target\":{\"@type\":\"EntryPoint\",\"urlTemplate\":\"https:\/\/mba2025.sarp.krakow.pl\/en\/?s={search_term_string}\"},\"query-input\":{\"@type\":\"PropertyValueSpecification\",\"valueRequired\":true,\"valueName\":\"search_term_string\"}}],\"inLanguage\":\"en-US\"},{\"@type\":\"Organization\",\"@id\":\"https:\/\/mba2025.sarp.krakow.pl\/en\/#organization\",\"name\":\"Mi\u0119dzynarodowe Biennale Architektury Krak\u00f3w 2025\",\"url\":\"https:\/\/mba2025.sarp.krakow.pl\/en\/\",\"logo\":{\"@type\":\"ImageObject\",\"inLanguage\":\"en-US\",\"@id\":\"https:\/\/mba2025.sarp.krakow.pl\/en\/#\/schema\/logo\/image\/\",\"url\":\"https:\/\/mba2025.sarp.krakow.pl\/wp-content\/uploads\/2025\/06\/MBA-Krakow-2025-PL-kontra.jpg\",\"contentUrl\":\"https:\/\/mba2025.sarp.krakow.pl\/wp-content\/uploads\/2025\/06\/MBA-Krakow-2025-PL-kontra.jpg\",\"width\":1200,\"height\":554,\"caption\":\"Mi\u0119dzynarodowe Biennale Architektury Krak\u00f3w 2025\"},\"image\":{\"@id\":\"https:\/\/mba2025.sarp.krakow.pl\/en\/#\/schema\/logo\/image\/\"}}]}<\/script>\n<!-- \/ Yoast SEO plugin. -->","yoast_head_json":{"title":"Privacy Policy - International Biennale of Architecture Krak\u00f3w 2025","robots":{"index":"index","follow":"follow","max-snippet":"max-snippet:-1","max-image-preview":"max-image-preview:large","max-video-preview":"max-video-preview:-1"},"canonical":"https:\/\/mba2025.sarp.krakow.pl\/en\/privacy-policy\/","og_locale":"en_US","og_type":"article","og_title":"Privacy Policy - International Biennale of Architecture Krak\u00f3w 2025","og_description":"PRIVACY POLICY OF THE STOWARZYSZENIE ARCHITEKT\u00d3W POLSKICH ODDZIA\u0141 KRAK\u00d3W Pursuant to Article 13(1) and (2) of the EU General Data Protection Regulation of April 27, 2016 (GDPR), we inform you&hellip;","og_url":"https:\/\/mba2025.sarp.krakow.pl\/en\/privacy-policy\/","og_site_name":"Mi\u0119dzynarodowe Biennale Architektury Krak\u00f3w 2025","article_modified_time":"2025-07-29T23:40:04+00:00","twitter_card":"summary_large_image","twitter_misc":{"Est. reading time":"5 minutes"},"schema":{"@context":"https:\/\/schema.org","@graph":[{"@type":"WebPage","@id":"https:\/\/mba2025.sarp.krakow.pl\/en\/privacy-policy\/","url":"https:\/\/mba2025.sarp.krakow.pl\/en\/privacy-policy\/","name":"Privacy Policy - International Biennale of Architecture Krak\u00f3w 2025","isPartOf":{"@id":"https:\/\/mba2025.sarp.krakow.pl\/en\/#website"},"datePublished":"2025-07-09T16:06:56+00:00","dateModified":"2025-07-29T23:40:04+00:00","breadcrumb":{"@id":"https:\/\/mba2025.sarp.krakow.pl\/en\/privacy-policy\/#breadcrumb"},"inLanguage":"en-US","potentialAction":[{"@type":"ReadAction","target":["https:\/\/mba2025.sarp.krakow.pl\/en\/privacy-policy\/"]}]},{"@type":"BreadcrumbList","@id":"https:\/\/mba2025.sarp.krakow.pl\/en\/privacy-policy\/#breadcrumb","itemListElement":[{"@type":"ListItem","position":1,"name":"Strona g\u0142\u00f3wna","item":"https:\/\/mba2025.sarp.krakow.pl\/en\/"},{"@type":"ListItem","position":2,"name":"Privacy Policy"}]},{"@type":"WebSite","@id":"https:\/\/mba2025.sarp.krakow.pl\/en\/#website","url":"https:\/\/mba2025.sarp.krakow.pl\/en\/","name":"Mi\u0119dzynarodowe Biennale Architektury Krak\u00f3w 2025","description":"","publisher":{"@id":"https:\/\/mba2025.sarp.krakow.pl\/en\/#organization"},"potentialAction":[{"@type":"SearchAction","target":{"@type":"EntryPoint","urlTemplate":"https:\/\/mba2025.sarp.krakow.pl\/en\/?s={search_term_string}"},"query-input":{"@type":"PropertyValueSpecification","valueRequired":true,"valueName":"search_term_string"}}],"inLanguage":"en-US"},{"@type":"Organization","@id":"https:\/\/mba2025.sarp.krakow.pl\/en\/#organization","name":"Mi\u0119dzynarodowe Biennale Architektury Krak\u00f3w 2025","url":"https:\/\/mba2025.sarp.krakow.pl\/en\/","logo":{"@type":"ImageObject","inLanguage":"en-US","@id":"https:\/\/mba2025.sarp.krakow.pl\/en\/#\/schema\/logo\/image\/","url":"https:\/\/mba2025.sarp.krakow.pl\/wp-content\/uploads\/2025\/06\/MBA-Krakow-2025-PL-kontra.jpg","contentUrl":"https:\/\/mba2025.sarp.krakow.pl\/wp-content\/uploads\/2025\/06\/MBA-Krakow-2025-PL-kontra.jpg","width":1200,"height":554,"caption":"Mi\u0119dzynarodowe Biennale Architektury Krak\u00f3w 2025"},"image":{"@id":"https:\/\/mba2025.sarp.krakow.pl\/en\/#\/schema\/logo\/image\/"}}]}},"_links":{"self":[{"href":"https:\/\/mba2025.sarp.krakow.pl\/en\/wp-json\/wp\/v2\/pages\/63764","targetHints":{"allow":["GET"]}}],"collection":[{"href":"https:\/\/mba2025.sarp.krakow.pl\/en\/wp-json\/wp\/v2\/pages"}],"about":[{"href":"https:\/\/mba2025.sarp.krakow.pl\/en\/wp-json\/wp\/v2\/types\/page"}],"author":[{"embeddable":true,"href":"https:\/\/mba2025.sarp.krakow.pl\/en\/wp-json\/wp\/v2\/users\/5"}],"replies":[{"embeddable":true,"href":"https:\/\/mba2025.sarp.krakow.pl\/en\/wp-json\/wp\/v2\/comments?post=63764"}],"version-history":[{"count":10,"href":"https:\/\/mba2025.sarp.krakow.pl\/en\/wp-json\/wp\/v2\/pages\/63764\/revisions"}],"predecessor-version":[{"id":63923,"href":"https:\/\/mba2025.sarp.krakow.pl\/en\/wp-json\/wp\/v2\/pages\/63764\/revisions\/63923"}],"wp:attachment":[{"href":"https:\/\/mba2025.sarp.krakow.pl\/en\/wp-json\/wp\/v2\/media?parent=63764"}],"curies":[{"name":"wp","href":"https:\/\/api.w.org\/{rel}","templated":true}]}}