{"id":65662,"date":"2025-09-23T17:20:29","date_gmt":"2025-09-23T17:20:29","guid":{"rendered":"https:\/\/mba2025.sarp.krakow.pl\/?page_id=65662"},"modified":"2025-09-24T17:33:03","modified_gmt":"2025-09-24T17:33:03","slug":"magdalena-kozien-wozniak","status":"publish","type":"page","link":"https:\/\/mba2025.sarp.krakow.pl\/en\/magdalena-kozien-wozniak\/","title":{"rendered":"Magdalena Kozie\u0144-Wo\u017aniak"},"content":{"rendered":"\t\t<div data-elementor-type=\"wp-page\" data-elementor-id=\"65662\" class=\"elementor elementor-65662\">\n\t\t\t\t\t\t<section class=\"elementor-section elementor-top-section elementor-element elementor-element-ced85a7 elementor-section-boxed elementor-section-height-default elementor-section-height-default sc_fly_static\" data-id=\"ced85a7\" data-element_type=\"section\">\n\t\t\t\t\t\t<div class=\"elementor-container elementor-column-gap-extended\">\n\t\t\t\t\t<div class=\"elementor-column elementor-col-100 elementor-top-column elementor-element elementor-element-1e09a5b sc_content_align_inherit sc_layouts_column_icons_position_left sc_fly_static\" data-id=\"1e09a5b\" data-element_type=\"column\">\n\t\t\t<div class=\"elementor-widget-wrap elementor-element-populated\">\n\t\t\t\t\t\t<div class=\"elementor-element elementor-element-7b804a3 sc_fly_static elementor-widget elementor-widget-trx_sc_title\" data-id=\"7b804a3\" data-element_type=\"widget\" data-widget_type=\"trx_sc_title.default\">\n\t\t\t\t<div class=\"elementor-widget-container\">\n\t\t\t\t\t<div\t\tclass=\"sc_title sc_title_default\" ><h3 class=\"sc_item_title sc_title_title sc_item_title_style_default sc_item_title_tag\"\n\t\t\t><span class=\"sc_item_title_text\">Prof. Magdalena Kozie\u0144-Wo\u017aniak, PhD, Civil Engineer Architect<\/span><\/h3><\/div>\t\t\t\t<\/div>\n\t\t\t\t<\/div>\n\t\t\t\t<div class=\"elementor-element elementor-element-0f5a30d sc_fly_static elementor-widget elementor-widget-text-editor\" data-id=\"0f5a30d\" data-element_type=\"widget\" data-widget_type=\"text-editor.default\">\n\t\t\t\t<div class=\"elementor-widget-container\">\n\t\t\t\t\t\t\t\t\t<p>She is a dean of the Faculty of Architecture at the Cracow University of Technology. Her research and creative work focuses on issues related to the design of contemporary cultural facilities and the importance of public buildings for the quality of contemporary urban space. She is a member of the Association of Polish Architects (SARP), the Ma\u0142opolska Regional Chamber of Architects of Poland (MOIA \u2013 IARP), the Municipal Urban Planning and Architecture Commission (MKUA) in Cracow.<\/p>\t\t\t\t\t\t\t\t<\/div>\n\t\t\t\t<\/div>\n\t\t\t\t\t<\/div>\n\t\t<\/div>\n\t\t\t\t\t<\/div>\n\t\t<\/section>\n\t\t\t\t<\/div>\n\t\t","protected":false},"excerpt":{"rendered":"<p>Prof. Magdalena Kozie\u0144-Wo\u017aniak, PhD, Civil Engineer Architect She is a dean of the Faculty of Architecture at the Cracow University of Technology. Her research and creative work focuses on issues&hellip;<\/p>\n","protected":false},"author":5,"featured_media":0,"parent":0,"menu_order":0,"comment_status":"closed","ping_status":"closed","template":"","meta":{"footnotes":""},"class_list":["post-65662","page","type-page","status-publish","hentry"],"yoast_head":"<!-- This site is optimized with the Yoast SEO plugin v25.8 - https:\/\/yoast.com\/wordpress\/plugins\/seo\/ -->\n<title>Magdalena Kozie\u0144-Wo\u017aniak - Mi\u0119dzynarodowe Biennale Architektury Krak\u00f3w 2025<\/title>\n<meta name=\"robots\" content=\"index, follow, max-snippet:-1, max-image-preview:large, max-video-preview:-1\" \/>\n<link rel=\"canonical\" href=\"https:\/\/mba2025.sarp.krakow.pl\/en\/magdalena-kozien-wozniak\/\" \/>\n<meta property=\"og:locale\" content=\"en_US\" \/>\n<meta property=\"og:type\" content=\"article\" \/>\n<meta property=\"og:title\" content=\"Magdalena Kozie\u0144-Wo\u017aniak - Mi\u0119dzynarodowe Biennale Architektury Krak\u00f3w 2025\" \/>\n<meta property=\"og:description\" content=\"Prof. Magdalena Kozie\u0144-Wo\u017aniak, PhD, Civil Engineer Architect She is a dean of the Faculty of Architecture at the Cracow University of Technology. Her research and creative work focuses on issues&hellip;\" \/>\n<meta property=\"og:url\" content=\"https:\/\/mba2025.sarp.krakow.pl\/en\/magdalena-kozien-wozniak\/\" \/>\n<meta property=\"og:site_name\" content=\"Mi\u0119dzynarodowe Biennale Architektury Krak\u00f3w 2025\" \/>\n<meta property=\"article:modified_time\" content=\"2025-09-24T17:33:03+00:00\" \/>\n<meta name=\"twitter:card\" content=\"summary_large_image\" \/>\n<meta name=\"twitter:label1\" content=\"Est. reading time\" \/>\n\t<meta name=\"twitter:data1\" content=\"1 minute\" \/>\n<script type=\"application\/ld+json\" class=\"yoast-schema-graph\">{\"@context\":\"https:\/\/schema.org\",\"@graph\":[{\"@type\":\"WebPage\",\"@id\":\"https:\/\/mba2025.sarp.krakow.pl\/en\/magdalena-kozien-wozniak\/\",\"url\":\"https:\/\/mba2025.sarp.krakow.pl\/en\/magdalena-kozien-wozniak\/\",\"name\":\"Magdalena Kozie\u0144-Wo\u017aniak - Mi\u0119dzynarodowe Biennale Architektury Krak\u00f3w 2025\",\"isPartOf\":{\"@id\":\"https:\/\/mba2025.sarp.krakow.pl\/en\/#website\"},\"datePublished\":\"2025-09-23T17:20:29+00:00\",\"dateModified\":\"2025-09-24T17:33:03+00:00\",\"breadcrumb\":{\"@id\":\"https:\/\/mba2025.sarp.krakow.pl\/en\/magdalena-kozien-wozniak\/#breadcrumb\"},\"inLanguage\":\"en-US\",\"potentialAction\":[{\"@type\":\"ReadAction\",\"target\":[\"https:\/\/mba2025.sarp.krakow.pl\/en\/magdalena-kozien-wozniak\/\"]}]},{\"@type\":\"BreadcrumbList\",\"@id\":\"https:\/\/mba2025.sarp.krakow.pl\/en\/magdalena-kozien-wozniak\/#breadcrumb\",\"itemListElement\":[{\"@type\":\"ListItem\",\"position\":1,\"name\":\"Strona g\u0142\u00f3wna\",\"item\":\"https:\/\/mba2025.sarp.krakow.pl\/en\/\"},{\"@type\":\"ListItem\",\"position\":2,\"name\":\"Magdalena Kozie\u0144-Wo\u017aniak\"}]},{\"@type\":\"WebSite\",\"@id\":\"https:\/\/mba2025.sarp.krakow.pl\/en\/#website\",\"url\":\"https:\/\/mba2025.sarp.krakow.pl\/en\/\",\"name\":\"Mi\u0119dzynarodowe Biennale Architektury Krak\u00f3w 2025\",\"description\":\"\",\"publisher\":{\"@id\":\"https:\/\/mba2025.sarp.krakow.pl\/en\/#organization\"},\"potentialAction\":[{\"@type\":\"SearchAction\",\"target\":{\"@type\":\"EntryPoint\",\"urlTemplate\":\"https:\/\/mba2025.sarp.krakow.pl\/en\/?s={search_term_string}\"},\"query-input\":{\"@type\":\"PropertyValueSpecification\",\"valueRequired\":true,\"valueName\":\"search_term_string\"}}],\"inLanguage\":\"en-US\"},{\"@type\":\"Organization\",\"@id\":\"https:\/\/mba2025.sarp.krakow.pl\/en\/#organization\",\"name\":\"Mi\u0119dzynarodowe Biennale Architektury Krak\u00f3w 2025\",\"url\":\"https:\/\/mba2025.sarp.krakow.pl\/en\/\",\"logo\":{\"@type\":\"ImageObject\",\"inLanguage\":\"en-US\",\"@id\":\"https:\/\/mba2025.sarp.krakow.pl\/en\/#\/schema\/logo\/image\/\",\"url\":\"https:\/\/mba2025.sarp.krakow.pl\/wp-content\/uploads\/2025\/06\/MBA-Krakow-2025-PL-kontra.jpg\",\"contentUrl\":\"https:\/\/mba2025.sarp.krakow.pl\/wp-content\/uploads\/2025\/06\/MBA-Krakow-2025-PL-kontra.jpg\",\"width\":1200,\"height\":554,\"caption\":\"Mi\u0119dzynarodowe Biennale Architektury Krak\u00f3w 2025\"},\"image\":{\"@id\":\"https:\/\/mba2025.sarp.krakow.pl\/en\/#\/schema\/logo\/image\/\"}}]}<\/script>\n<!-- \/ Yoast SEO plugin. -->","yoast_head_json":{"title":"Magdalena Kozie\u0144-Wo\u017aniak - Mi\u0119dzynarodowe Biennale Architektury Krak\u00f3w 2025","robots":{"index":"index","follow":"follow","max-snippet":"max-snippet:-1","max-image-preview":"max-image-preview:large","max-video-preview":"max-video-preview:-1"},"canonical":"https:\/\/mba2025.sarp.krakow.pl\/en\/magdalena-kozien-wozniak\/","og_locale":"en_US","og_type":"article","og_title":"Magdalena Kozie\u0144-Wo\u017aniak - Mi\u0119dzynarodowe Biennale Architektury Krak\u00f3w 2025","og_description":"Prof. Magdalena Kozie\u0144-Wo\u017aniak, PhD, Civil Engineer Architect She is a dean of the Faculty of Architecture at the Cracow University of Technology. Her research and creative work focuses on issues&hellip;","og_url":"https:\/\/mba2025.sarp.krakow.pl\/en\/magdalena-kozien-wozniak\/","og_site_name":"Mi\u0119dzynarodowe Biennale Architektury Krak\u00f3w 2025","article_modified_time":"2025-09-24T17:33:03+00:00","twitter_card":"summary_large_image","twitter_misc":{"Est. reading time":"1 minute"},"schema":{"@context":"https:\/\/schema.org","@graph":[{"@type":"WebPage","@id":"https:\/\/mba2025.sarp.krakow.pl\/en\/magdalena-kozien-wozniak\/","url":"https:\/\/mba2025.sarp.krakow.pl\/en\/magdalena-kozien-wozniak\/","name":"Magdalena Kozie\u0144-Wo\u017aniak - Mi\u0119dzynarodowe Biennale Architektury Krak\u00f3w 2025","isPartOf":{"@id":"https:\/\/mba2025.sarp.krakow.pl\/en\/#website"},"datePublished":"2025-09-23T17:20:29+00:00","dateModified":"2025-09-24T17:33:03+00:00","breadcrumb":{"@id":"https:\/\/mba2025.sarp.krakow.pl\/en\/magdalena-kozien-wozniak\/#breadcrumb"},"inLanguage":"en-US","potentialAction":[{"@type":"ReadAction","target":["https:\/\/mba2025.sarp.krakow.pl\/en\/magdalena-kozien-wozniak\/"]}]},{"@type":"BreadcrumbList","@id":"https:\/\/mba2025.sarp.krakow.pl\/en\/magdalena-kozien-wozniak\/#breadcrumb","itemListElement":[{"@type":"ListItem","position":1,"name":"Strona g\u0142\u00f3wna","item":"https:\/\/mba2025.sarp.krakow.pl\/en\/"},{"@type":"ListItem","position":2,"name":"Magdalena Kozie\u0144-Wo\u017aniak"}]},{"@type":"WebSite","@id":"https:\/\/mba2025.sarp.krakow.pl\/en\/#website","url":"https:\/\/mba2025.sarp.krakow.pl\/en\/","name":"Mi\u0119dzynarodowe Biennale Architektury Krak\u00f3w 2025","description":"","publisher":{"@id":"https:\/\/mba2025.sarp.krakow.pl\/en\/#organization"},"potentialAction":[{"@type":"SearchAction","target":{"@type":"EntryPoint","urlTemplate":"https:\/\/mba2025.sarp.krakow.pl\/en\/?s={search_term_string}"},"query-input":{"@type":"PropertyValueSpecification","valueRequired":true,"valueName":"search_term_string"}}],"inLanguage":"en-US"},{"@type":"Organization","@id":"https:\/\/mba2025.sarp.krakow.pl\/en\/#organization","name":"Mi\u0119dzynarodowe Biennale Architektury Krak\u00f3w 2025","url":"https:\/\/mba2025.sarp.krakow.pl\/en\/","logo":{"@type":"ImageObject","inLanguage":"en-US","@id":"https:\/\/mba2025.sarp.krakow.pl\/en\/#\/schema\/logo\/image\/","url":"https:\/\/mba2025.sarp.krakow.pl\/wp-content\/uploads\/2025\/06\/MBA-Krakow-2025-PL-kontra.jpg","contentUrl":"https:\/\/mba2025.sarp.krakow.pl\/wp-content\/uploads\/2025\/06\/MBA-Krakow-2025-PL-kontra.jpg","width":1200,"height":554,"caption":"Mi\u0119dzynarodowe Biennale Architektury Krak\u00f3w 2025"},"image":{"@id":"https:\/\/mba2025.sarp.krakow.pl\/en\/#\/schema\/logo\/image\/"}}]}},"_links":{"self":[{"href":"https:\/\/mba2025.sarp.krakow.pl\/en\/wp-json\/wp\/v2\/pages\/65662","targetHints":{"allow":["GET"]}}],"collection":[{"href":"https:\/\/mba2025.sarp.krakow.pl\/en\/wp-json\/wp\/v2\/pages"}],"about":[{"href":"https:\/\/mba2025.sarp.krakow.pl\/en\/wp-json\/wp\/v2\/types\/page"}],"author":[{"embeddable":true,"href":"https:\/\/mba2025.sarp.krakow.pl\/en\/wp-json\/wp\/v2\/users\/5"}],"replies":[{"embeddable":true,"href":"https:\/\/mba2025.sarp.krakow.pl\/en\/wp-json\/wp\/v2\/comments?post=65662"}],"version-history":[{"count":4,"href":"https:\/\/mba2025.sarp.krakow.pl\/en\/wp-json\/wp\/v2\/pages\/65662\/revisions"}],"predecessor-version":[{"id":65666,"href":"https:\/\/mba2025.sarp.krakow.pl\/en\/wp-json\/wp\/v2\/pages\/65662\/revisions\/65666"}],"wp:attachment":[{"href":"https:\/\/mba2025.sarp.krakow.pl\/en\/wp-json\/wp\/v2\/media?parent=65662"}],"curies":[{"name":"wp","href":"https:\/\/api.w.org\/{rel}","templated":true}]}}